{"id":1835,"date":"2023-03-11T15:31:26","date_gmt":"2023-03-11T18:31:26","guid":{"rendered":"https:\/\/starvac.com.br\/enterotoxaemias\/"},"modified":"2023-04-01T15:15:39","modified_gmt":"2023-04-01T18:15:39","slug":"enterotoxaemias","status":"publish","type":"page","link":"https:\/\/starvac.com.br\/es\/enterotoxaemias\/","title":{"rendered":"Enterotoxaemias"},"content":{"rendered":"\t\t<div data-elementor-type=\"wp-page\" data-elementor-id=\"1835\" class=\"elementor elementor-1835\">\n\t\t\t\t\t\t\t<div class=\"elementor-element elementor-element-d876a85 e-con-boxed e-con\" data-id=\"d876a85\" data-element_type=\"container\" data-settings=\"{&quot;background_background&quot;:&quot;classic&quot;,&quot;content_width&quot;:&quot;boxed&quot;}\" data-e-bg-lazyload=\"\">\n\t\t\t\t\t<div class=\"e-con-inner\">\n\t\t<div class=\"elementor-element elementor-element-5eba1a8 e-con-full e-con\" data-id=\"5eba1a8\" data-element_type=\"container\" data-settings=\"{&quot;content_width&quot;:&quot;full&quot;}\">\n\t\t\t\t<div class=\"elementor-element elementor-element-bef0a47 elementor-tablet-align-center elementor-mobile-align-justify elementor-widget elementor-widget-button\" data-id=\"bef0a47\" data-element_type=\"widget\" data-widget_type=\"button.default\">\n\t\t\t\t<div class=\"elementor-widget-container\">\n\t\t\t\t\t<div class=\"elementor-button-wrapper\">\n\t\t\t<a href=\"https:\/\/starvac.com.br\/es\/\" class=\"elementor-button-link elementor-button elementor-size-md\" role=\"button\">\n\t\t\t\t\t\t<span class=\"elementor-button-content-wrapper\">\n\t\t\t\t\t\t<span class=\"elementor-button-text\">VOLVER<\/span>\n\t\t<\/span>\n\t\t\t\t\t<\/a>\n\t\t<\/div>\n\t\t\t\t<\/div>\n\t\t\t\t<\/div>\n\t\t\t\t<div class=\"elementor-element elementor-element-60416d0 elementor-widget elementor-widget-heading\" data-id=\"60416d0\" data-element_type=\"widget\" data-widget_type=\"heading.default\">\n\t\t\t\t<div class=\"elementor-widget-container\">\n\t\t\t<style>\/*! elementor - v3.12.0 - 29-03-2023 *\/\n.elementor-heading-title{padding:0;margin:0;line-height:1}.elementor-widget-heading .elementor-heading-title[class*=elementor-size-]>a{color:inherit;font-size:inherit;line-height:inherit}.elementor-widget-heading .elementor-heading-title.elementor-size-small{font-size:15px}.elementor-widget-heading .elementor-heading-title.elementor-size-medium{font-size:19px}.elementor-widget-heading .elementor-heading-title.elementor-size-large{font-size:29px}.elementor-widget-heading .elementor-heading-title.elementor-size-xl{font-size:39px}.elementor-widget-heading .elementor-heading-title.elementor-size-xxl{font-size:59px}<\/style><h2 class=\"elementor-heading-title elementor-size-default\">Enterotoxaemias<\/h2>\t\t<\/div>\n\t\t\t\t<\/div>\n\t\t\t\t<div class=\"elementor-element elementor-element-1370f19 elementor-widget elementor-widget-text-editor\" data-id=\"1370f19\" data-element_type=\"widget\" data-widget_type=\"text-editor.default\">\n\t\t\t\t<div class=\"elementor-widget-container\">\n\t\t\t<style>\/*! elementor - v3.12.0 - 29-03-2023 *\/\n.elementor-widget-text-editor.elementor-drop-cap-view-stacked .elementor-drop-cap{background-color:#69727d;color:#fff}.elementor-widget-text-editor.elementor-drop-cap-view-framed .elementor-drop-cap{color:#69727d;border:3px solid;background-color:transparent}.elementor-widget-text-editor:not(.elementor-drop-cap-view-default) .elementor-drop-cap{margin-top:8px}.elementor-widget-text-editor:not(.elementor-drop-cap-view-default) .elementor-drop-cap-letter{width:1em;height:1em}.elementor-widget-text-editor .elementor-drop-cap{float:left;text-align:center;line-height:1;font-size:50px}.elementor-widget-text-editor .elementor-drop-cap-letter{display:inline-block}<\/style>\t\t\t\t<p>Es una clostridiosis clasificada como ent\u00e9rica, causada por Clostridium perfringens tipo B, C y D y se presenta en ovinos, caprinos y bovinos. Las bacterias son anaerobias, grampositivas y f\u00e1cilmente permanentes en la naturaleza, el suelo y el tracto intestinal de los animales. Suelen afectar a animales de entre tres d\u00edas y seis meses de edad.<br><br><b>CONTAMINACI\u00d3N:<\/b> La bacteria contamina al animal por v\u00eda oral. Clostridium tipo B y D tienen las tasas de letalidad m\u00e1s altas, ya que producen la toxina \u00e9psilon, una de las toxinas m\u00e1s potentes de origen microbiano. Clostridium tipo C produce toxina beta.<\/p>\t\t\t\t\t\t<\/div>\n\t\t\t\t<\/div>\n\t\t\t\t<\/div>\n\t\t<div class=\"elementor-element elementor-element-31be4e8 e-con-boxed e-con\" data-id=\"31be4e8\" data-element_type=\"container\" data-settings=\"{&quot;content_width&quot;:&quot;boxed&quot;}\">\n\t\t\t\t\t<div class=\"e-con-inner\">\n\t\t\t\t<div class=\"elementor-element elementor-element-5022c6e elementor-hidden-desktop elementor-widget elementor-widget-image\" data-id=\"5022c6e\" data-element_type=\"widget\" data-widget_type=\"image.default\">\n\t\t\t\t<div class=\"elementor-widget-container\">\n\t\t\t<style>\/*! elementor - v3.12.0 - 29-03-2023 *\/\n.elementor-widget-image{text-align:center}.elementor-widget-image a{display:inline-block}.elementor-widget-image a img[src$=\".svg\"]{width:48px}.elementor-widget-image img{vertical-align:middle;display:inline-block}<\/style>\t\t\t\t\t\t\t\t\t\t\t\t<img decoding=\"async\" width=\"723\" height=\"666\" src=\"https:\/\/starvac.com.br\/wp-content\/uploads\/2023\/03\/produto-starvac.png\" class=\"attachment-large size-large wp-image-309\" alt=\"\" loading=\"lazy\" srcset=\"https:\/\/starvac.com.br\/wp-content\/uploads\/2023\/03\/produto-starvac.png 723w, https:\/\/starvac.com.br\/wp-content\/uploads\/2023\/03\/produto-starvac-300x276.png 300w\" sizes=\"(max-width: 723px) 100vw, 723px\" \/>\t\t\t\t\t\t\t\t\t\t\t\t\t\t\t<\/div>\n\t\t\t\t<\/div>\n\t\t\t\t\t<\/div>\n\t\t\t\t<\/div>\n\t\t\t\t\t<\/div>\n\t\t\t\t<\/div>\n\t\t<div class=\"elementor-element elementor-element-54aba31 e-con-boxed e-con\" data-id=\"54aba31\" data-element_type=\"container\" data-settings=\"{&quot;content_width&quot;:&quot;boxed&quot;}\">\n\t\t\t\t\t<div class=\"e-con-inner\">\n\t\t<div class=\"elementor-element elementor-element-dafad60 e-con-full e-con\" data-id=\"dafad60\" data-element_type=\"container\" data-settings=\"{&quot;content_width&quot;:&quot;full&quot;}\">\n\t\t<div class=\"elementor-element elementor-element-c82e7d8 e-con-full e-con\" data-id=\"c82e7d8\" data-element_type=\"container\" data-settings=\"{&quot;content_width&quot;:&quot;full&quot;}\">\n\t\t<div class=\"elementor-element elementor-element-02b4763 e-con-boxed e-con\" data-id=\"02b4763\" data-element_type=\"container\" data-settings=\"{&quot;content_width&quot;:&quot;boxed&quot;}\">\n\t\t\t\t\t<div class=\"e-con-inner\">\n\t\t\t\t<div class=\"elementor-element elementor-element-d999762 elementor-align-justify elementor-widget elementor-widget-button\" data-id=\"d999762\" data-element_type=\"widget\" data-widget_type=\"button.default\">\n\t\t\t\t<div class=\"elementor-widget-container\">\n\t\t\t\t\t<div class=\"elementor-button-wrapper\">\n\t\t\t<a href=\"https:\/\/starvac.com.br\/es\/botulismo-de-tipo-c-y-d\/\" class=\"elementor-button-link elementor-button elementor-size-sm\" role=\"button\">\n\t\t\t\t\t\t<span class=\"elementor-button-content-wrapper\">\n\t\t\t\t\t\t<span class=\"elementor-button-text\">Botulismo de tipo C y D<\/span>\n\t\t<\/span>\n\t\t\t\t\t<\/a>\n\t\t<\/div>\n\t\t\t\t<\/div>\n\t\t\t\t<\/div>\n\t\t\t\t<div class=\"elementor-element elementor-element-e5ed087 elementor-align-justify elementor-widget elementor-widget-button\" data-id=\"e5ed087\" data-element_type=\"widget\" data-widget_type=\"button.default\">\n\t\t\t\t<div class=\"elementor-widget-container\">\n\t\t\t\t\t<div class=\"elementor-button-wrapper\">\n\t\t\t<a href=\"https:\/\/starvac.com.br\/morte-subita\/\" class=\"elementor-button-link elementor-button elementor-size-sm\" role=\"button\">\n\t\t\t\t\t\t<span class=\"elementor-button-content-wrapper\">\n\t\t\t\t\t\t<span class=\"elementor-button-text\">Muerte s\u00fabita<\/span>\n\t\t<\/span>\n\t\t\t\t\t<\/a>\n\t\t<\/div>\n\t\t\t\t<\/div>\n\t\t\t\t<\/div>\n\t\t\t\t<div class=\"elementor-element elementor-element-01936a7 elementor-align-justify elementor-widget elementor-widget-button\" data-id=\"01936a7\" data-element_type=\"widget\" data-widget_type=\"button.default\">\n\t\t\t\t<div class=\"elementor-widget-container\">\n\t\t\t\t\t<div class=\"elementor-button-wrapper\">\n\t\t\t<a href=\"https:\/\/starvac.com.br\/gangrena-gasosa\/\" class=\"elementor-button-link elementor-button elementor-size-sm\" role=\"button\">\n\t\t\t\t\t\t<span class=\"elementor-button-content-wrapper\">\n\t\t\t\t\t\t<span class=\"elementor-button-text\">Gangrena gaseosa<\/span>\n\t\t<\/span>\n\t\t\t\t\t<\/a>\n\t\t<\/div>\n\t\t\t\t<\/div>\n\t\t\t\t<\/div>\n\t\t\t\t\t<\/div>\n\t\t\t\t<\/div>\n\t\t<div class=\"elementor-element elementor-element-88fadcd e-con-boxed e-con\" data-id=\"88fadcd\" data-element_type=\"container\" data-settings=\"{&quot;content_width&quot;:&quot;boxed&quot;}\">\n\t\t\t\t\t<div class=\"e-con-inner\">\n\t\t\t\t<div class=\"elementor-element elementor-element-bf69626 elementor-align-justify elementor-widget elementor-widget-button\" data-id=\"bf69626\" data-element_type=\"widget\" data-widget_type=\"button.default\">\n\t\t\t\t<div class=\"elementor-widget-container\">\n\t\t\t\t\t<div class=\"elementor-button-wrapper\">\n\t\t\t<a href=\"https:\/\/starvac.com.br\/es\/carbunco-sintomatico\/\" class=\"elementor-button-link elementor-button elementor-size-sm\" role=\"button\">\n\t\t\t\t\t\t<span class=\"elementor-button-content-wrapper\">\n\t\t\t\t\t\t<span class=\"elementor-button-text\">Carbunco Sintomatico<\/span>\n\t\t<\/span>\n\t\t\t\t\t<\/a>\n\t\t<\/div>\n\t\t\t\t<\/div>\n\t\t\t\t<\/div>\n\t\t\t\t<div class=\"elementor-element elementor-element-84cfc16 elementor-align-justify elementor-widget elementor-widget-button\" data-id=\"84cfc16\" data-element_type=\"widget\" data-widget_type=\"button.default\">\n\t\t\t\t<div class=\"elementor-widget-container\">\n\t\t\t\t\t<div class=\"elementor-button-wrapper\">\n\t\t\t<a href=\"https:\/\/starvac.com.br\/enterotoxemia\/\" class=\"elementor-button-link elementor-button elementor-size-sm\" role=\"button\">\n\t\t\t\t\t\t<span class=\"elementor-button-content-wrapper\">\n\t\t\t\t\t\t<span class=\"elementor-button-text\">Enterotoxaemias<\/span>\n\t\t<\/span>\n\t\t\t\t\t<\/a>\n\t\t<\/div>\n\t\t\t\t<\/div>\n\t\t\t\t<\/div>\n\t\t\t\t<div class=\"elementor-element elementor-element-7dd7cc8 elementor-align-justify elementor-widget elementor-widget-button\" data-id=\"7dd7cc8\" data-element_type=\"widget\" data-widget_type=\"button.default\">\n\t\t\t\t<div class=\"elementor-widget-container\">\n\t\t\t\t\t<div class=\"elementor-button-wrapper\">\n\t\t\t<a href=\"https:\/\/starvac.com.br\/es\/doenca-do-rim-polposo\/\" class=\"elementor-button-link elementor-button elementor-size-sm\" role=\"button\">\n\t\t\t\t\t\t<span class=\"elementor-button-content-wrapper\">\n\t\t\t\t\t\t<span class=\"elementor-button-text\">Doen\u00e7a do Rim Polposo<\/span>\n\t\t<\/span>\n\t\t\t\t\t<\/a>\n\t\t<\/div>\n\t\t\t\t<\/div>\n\t\t\t\t<\/div>\n\t\t\t\t\t<\/div>\n\t\t\t\t<\/div>\n\t\t\t\t<\/div>\n\t\t\t\t<div class=\"elementor-element elementor-element-d55af8b elementor-tablet-align-center elementor-mobile-align-center elementor-widget__width-initial elementor-widget-mobile__width-inherit elementor-icon-list--layout-traditional elementor-list-item-link-full_width elementor-widget elementor-widget-icon-list\" data-id=\"d55af8b\" data-element_type=\"widget\" data-widget_type=\"icon-list.default\">\n\t\t\t\t<div class=\"elementor-widget-container\">\n\t\t\t<link rel=\"stylesheet\" href=\"https:\/\/starvac.com.br\/wp-content\/plugins\/elementor\/assets\/css\/widget-icon-list.min.css\">\t\t<ul class=\"elementor-icon-list-items\">\n\t\t\t\t\t\t\t<li class=\"elementor-icon-list-item\">\n\t\t\t\t\t\t\t\t\t\t\t<span class=\"elementor-icon-list-icon\">\n\t\t\t\t\t\t\t<svg xmlns=\"http:\/\/www.w3.org\/2000\/svg\" xmlns:xlink=\"http:\/\/www.w3.org\/1999\/xlink\" width=\"31\" height=\"45\" viewBox=\"0 0 31 45\" fill=\"none\"><path d=\"M11.0417 13.25C11.0417 12.6643 11.2743 12.1026 11.6885 11.6885C12.1026 11.2743 12.6643 11.0417 13.25 11.0417C13.8357 11.0417 14.3974 11.2743 14.8115 11.6885C15.2257 12.1026 15.4583 12.6643 15.4583 13.25V23.1213L18.1304 23.4083L29.0396 28.2446C30.21 28.7746 30.9167 29.945 30.9167 31.2258V40.8542C30.8504 42.665 29.415 44.1004 27.6042 44.1667H13.25C12.4108 44.1667 11.6158 43.8354 11.0417 43.2171L0.220833 33.9421L1.855 32.2417C2.27458 31.7779 2.87083 31.535 3.48917 31.535H3.975L11.0417 35.3333V13.25ZM13.25 4.41667C15.5927 4.41667 17.8395 5.34732 19.4961 7.00389C21.1527 8.66046 22.0833 10.9073 22.0833 13.25C22.0833 16.5625 20.3167 19.3671 17.6667 20.8908V18.1967C19.0138 16.9821 19.875 15.2154 19.875 13.25C19.875 11.4929 19.177 9.80785 17.9346 8.56542C16.6922 7.32299 15.0071 6.625 13.25 6.625C11.4929 6.625 9.80785 7.32299 8.56542 8.56542C7.32299 9.80785 6.625 11.4929 6.625 13.25C6.625 15.2154 7.48625 16.9821 8.83333 18.1967V20.8908C6.18333 19.3671 4.41667 16.5625 4.41667 13.25C4.41667 10.9073 5.34732 8.66046 7.00389 7.00389C8.66046 5.34732 10.9073 4.41667 13.25 4.41667ZM13.25 0C16.7641 0 20.1343 1.39598 22.6192 3.88084C25.104 6.36569 26.5 9.73588 26.5 13.25C26.5 17.0042 24.9321 20.3829 22.4367 22.8121L20.2283 21.8183C21.4973 20.7797 22.52 19.4724 23.2226 17.9907C23.9253 16.509 24.2904 14.8899 24.2917 13.25C24.2917 10.3216 23.1284 7.51308 21.0576 5.44236C18.9869 3.37165 16.1784 2.20833 13.25 2.20833C10.3216 2.20833 7.51308 3.37165 5.44236 5.44236C3.37165 7.51308 2.20833 10.3216 2.20833 13.25C2.20833 17.7771 4.92458 21.6638 8.83333 23.3642V25.7492C3.68792 23.9163 0 19.0138 0 13.25C0 9.73588 1.39598 6.36569 3.88084 3.88084C6.36569 1.39598 9.73588 0 13.25 0Z\" fill=\"url(#pattern0)\"><\/path><path d=\"M11.0417 13.25C11.0417 12.6643 11.2743 12.1026 11.6885 11.6885C12.1026 11.2743 12.6643 11.0417 13.25 11.0417C13.8357 11.0417 14.3974 11.2743 14.8115 11.6885C15.2257 12.1026 15.4583 12.6643 15.4583 13.25V23.1213L18.1304 23.4083L29.0396 28.2446C30.21 28.7746 30.9167 29.945 30.9167 31.2258V40.8542C30.8504 42.665 29.415 44.1004 27.6042 44.1667H13.25C12.4108 44.1667 11.6158 43.8354 11.0417 43.2171L0.220833 33.9421L1.855 32.2417C2.27458 31.7779 2.87083 31.535 3.48917 31.535H3.975L11.0417 35.3333V13.25ZM13.25 4.41667C15.5927 4.41667 17.8395 5.34732 19.4961 7.00389C21.1527 8.66046 22.0833 10.9073 22.0833 13.25C22.0833 16.5625 20.3167 19.3671 17.6667 20.8908V18.1967C19.0138 16.9821 19.875 15.2154 19.875 13.25C19.875 11.4929 19.177 9.80785 17.9346 8.56542C16.6922 7.32299 15.0071 6.625 13.25 6.625C11.4929 6.625 9.80785 7.32299 8.56542 8.56542C7.32299 9.80785 6.625 11.4929 6.625 13.25C6.625 15.2154 7.48625 16.9821 8.83333 18.1967V20.8908C6.18333 19.3671 4.41667 16.5625 4.41667 13.25C4.41667 10.9073 5.34732 8.66046 7.00389 7.00389C8.66046 5.34732 10.9073 4.41667 13.25 4.41667ZM13.25 0C16.7641 0 20.1343 1.39598 22.6192 3.88084C25.104 6.36569 26.5 9.73588 26.5 13.25C26.5 17.0042 24.9321 20.3829 22.4367 22.8121L20.2283 21.8183C21.4973 20.7797 22.52 19.4724 23.2226 17.9907C23.9253 16.509 24.2904 14.8899 24.2917 13.25C24.2917 10.3216 23.1284 7.51308 21.0576 5.44236C18.9869 3.37165 16.1784 2.20833 13.25 2.20833C10.3216 2.20833 7.51308 3.37165 5.44236 5.44236C3.37165 7.51308 2.20833 10.3216 2.20833 13.25C2.20833 17.7771 4.92458 21.6638 8.83333 23.3642V25.7492C3.68792 23.9163 0 19.0138 0 13.25C0 9.73588 1.39598 6.36569 3.88084 3.88084C6.36569 1.39598 9.73588 0 13.25 0Z\" fill=\"#19477D\"><\/path><defs><pattern id=\"pattern0\" patternContentUnits=\"objectBoundingBox\" width=\"1\" height=\"1\"><use xlink:href=\"#image0_13_4130\" transform=\"matrix(0.0125313 0 0 0.00877193 -0.126566 0)\"><\/use><\/pattern><image id=\"image0_13_4130\" width=\"100\" height=\"114\" xlink:href=\"data:image\/png;base64,iVBORw0KGgoAAAANSUhEUgAAAGQAAAByCAYAAAClbXTSAAAAAXNSR0IArs4c6QAAAARnQU1BAACxjwv8YQUAAAAJcEhZcwAADsMAAA7DAcdvqGQAAAQ6SURBVHhe7ZgJcuMwDARjP2NftJ\/at3szZmBCEA+IvibJdBXLIgmCEFtyjtOfv\/8uH1+cPtut0+DyOXlC0IREyBDsgb2M02dVl0HWGP8ofF67XtlrVr\/njDBrwPdjQ7DvA9\/34\/cQb3h2M8+QAXxeu17ZKysDnFfuBWvQYH7LSrbjvGaX93AuH6u3GM1PnuTBPvgqEDch5TRGWvwcou38sioRd7quaq848lWw6u7AFjewZmXdKl9CKq0CfD9e77+22tRDXD3O94BqX1nxRkhvYz8+Ki6npnI03lhdB0ZrMXdP7i39TGXG5re7boRg2D8RPjSO2bjN1P5Rcit7UbPVmeyIsV9M7T49lmNUw36uZrJ5H4Pdyhg+a+xNSEy4Xbyf92znSm+2BpQy9kdQM\/TzbMf2EX6dv95Sfs2wOlpr6nyr0i22NoJ11kDM4\/vDnyFxYW9Dj5k3fD5PLleh1rFdZb36tNU2osaVzDF+1jcsj4EqWmtjXIzxXIX0AkYLjUxMoRRrDfi+jRl2WCYDn1E2wEgVlqMXj\/G63z6vrzPWAbzg0rZRNr7HIi\/7N8TTK3yFzLG1Cu7fhLGXNKJXBcZHe9l42W0f1c5bRmcV+rMZCmFidlBZ2se5B4fUiivj9QAtKsZ6QZmH0dQNhWQK\/yms3mvvsI\/kswxY823ekJ+MlychL2b28+QuIc\/6t\/crmB3Ms5h9xb39DWE7mBlYtbYyx2Eh\/q34jf8yx+0\/8xG6ColfPei3Gni0hNUn9adyFeIP+VkHDyz3b2HlflNfWSYns8FvO\/QZOA9rGc4x0L8ZuLa+XfeSH9lUtMH53d4QO8zeodq4lwQwjubHe7n8Ok+My+LXrebIks2POGugdV4jzqNgn9wftsX1xls57bOFj88Qc41yHwW5rEUy+\/h7wbXPNVpvc9evrFZgHJv1AQqwIjzox+I8rXEbs\/HWvOEPwdNaYy1DjO\/t02O2T8wPrm9IdqPWBn6sd90DMZk4T4xv7enzxnijNd6LBf6MRnGjuQzNv0PeCWqJ9czq8\/NH7uVIbARrV\/cFvfjdb1n30suHcXvKcN2Km9Uym+\/R2w\/Y3Cx3L86Pxbkeo7jU3yGPIltwlqPf6az4+3ipENHGP6jfWsij3zgG9IaQISFkSAgZEkKGhJAhIWRICBkSQoaEkCEhZEgIGRJChoSQISFkSAgZEkKGhJAhIWRICBkSQoaEkCEhZEgIGRJChoSQISFkSAgZEkKGhJAhIWRICBkSQoaEkCEhZEgIGRJChoSQISFkSAgZEkKGhJAhIWRICBkSQoaEkCEhZEgIGRJChoSQISFkSAgZEkKGhJAhIWRICBkSQoaEkCEhZEgIGRJChoSQISFkSAgZEkKGhJAhIWRICBkSQoaEkCEhZEgIGRJChoSQISFkSAgZEkKGhJAhIWRICBkSQoaEkCEhVHx8\/AdvUuWyjgjwDwAAAABJRU5ErkJggg==\"><\/image><\/defs><\/svg>\t\t\t\t\t\t<\/span>\n\t\t\t\t\t\t\t\t\t\t<span class=\"elementor-icon-list-text\">HAZ CLIC EN LOS BOTONES DE ABAJO Y VER M\u00c1S SOBRE OTRAS ENFERMEDADES<\/span>\n\t\t\t\t\t\t\t\t\t<\/li>\n\t\t\t\t\t\t<\/ul>\n\t\t\t\t<\/div>\n\t\t\t\t<\/div>\n\t\t\t\t<div class=\"elementor-element elementor-element-8f7600e elementor-widget elementor-widget-text-editor\" data-id=\"8f7600e\" data-element_type=\"widget\" data-widget_type=\"text-editor.default\">\n\t\t\t\t<div class=\"elementor-widget-container\">\n\t\t\t\t\t\t\t<p><b>DIAGN\u00d3STICO:<\/b> El diagn\u00f3stico y el proceso de clasificaci\u00f3n son importantes en la adopci\u00f3n de estrategias para combatir y controlar la enfermedad, ya que algunos tipos son m\u00e1s letales que otros.<\/p><p><b>SINTOMATOLOG\u00cdA:<\/b> En cuanto a los s\u00edntomas, los animales infectados pueden presentar: alteraci\u00f3n en la motilidad del tracto gastrointestinal, heces l\u00edquidas, ataxia, ceguera, da\u00f1o neurol\u00f3gico, opist\u00f3tonos y convulsiones.<\/p>\t\t\t\t\t\t<\/div>\n\t\t\t\t<\/div>\n\t\t\t\t<\/div>\n\t\t<div class=\"elementor-element elementor-element-e22f322 e-con-full e-con\" data-id=\"e22f322\" data-element_type=\"container\" data-settings=\"{&quot;content_width&quot;:&quot;full&quot;}\">\n\t\t\t\t<div class=\"elementor-element elementor-element-095a82c elementor-hidden-tablet elementor-hidden-mobile elementor-widget elementor-widget-image\" data-id=\"095a82c\" data-element_type=\"widget\" data-widget_type=\"image.default\">\n\t\t\t\t<div class=\"elementor-widget-container\">\n\t\t\t\t\t\t\t\t\t\t\t\t\t\t\t<img decoding=\"async\" width=\"369\" height=\"349\" src=\"https:\/\/starvac.com.br\/wp-content\/uploads\/2023\/03\/300px-Clostridium_botulinum-1.png\" class=\"attachment-full size-full wp-image-499\" alt=\"\" loading=\"lazy\" srcset=\"https:\/\/starvac.com.br\/wp-content\/uploads\/2023\/03\/300px-Clostridium_botulinum-1.png 369w, https:\/\/starvac.com.br\/wp-content\/uploads\/2023\/03\/300px-Clostridium_botulinum-1-300x284.png 300w\" sizes=\"(max-width: 369px) 100vw, 369px\" \/>\t\t\t\t\t\t\t\t\t\t\t\t\t\t\t<\/div>\n\t\t\t\t<\/div>\n\t\t\t\t<\/div>\n\t\t\t\t\t<\/div>\n\t\t\t\t<\/div>\n\t\t\t\t\t\t\t<\/div>\n\t\t","protected":false},"excerpt":{"rendered":"<p>VOLVER Enterotoxaemias Es una clostridiosis clasificada como ent\u00e9rica, causada por Clostridium perfringens tipo B, C y D y se presenta en ovinos, caprinos y bovinos. Las bacterias son anaerobias, grampositivas y f\u00e1cilmente permanentes en la naturaleza, el suelo y el tracto intestinal de los animales. Suelen afectar a animales de entre tres d\u00edas y seis [&hellip;]<\/p>\n","protected":false},"author":9,"featured_media":0,"parent":0,"menu_order":0,"comment_status":"closed","ping_status":"closed","template":"","meta":[],"yoast_head":"<!-- This site is optimized with the Yoast SEO Premium plugin v19.5 (Yoast SEO v20.4) - https:\/\/yoast.com\/wordpress\/plugins\/seo\/ -->\n<title>Enterotoxaemias - VACINA STARVAC<\/title>\n<meta name=\"robots\" content=\"index, follow, max-snippet:-1, max-image-preview:large, max-video-preview:-1\" \/>\n<link rel=\"canonical\" href=\"https:\/\/starvac.com.br\/es\/enterotoxaemias\/\" \/>\n<meta property=\"og:locale\" content=\"es_ES\" \/>\n<meta property=\"og:type\" content=\"article\" \/>\n<meta property=\"og:title\" content=\"Enterotoxaemias\" \/>\n<meta property=\"og:description\" content=\"VOLVER Enterotoxaemias Es una clostridiosis clasificada como ent\u00e9rica, causada por Clostridium perfringens tipo B, C y D y se presenta en ovinos, caprinos y bovinos. Las bacterias son anaerobias, grampositivas y f\u00e1cilmente permanentes en la naturaleza, el suelo y el tracto intestinal de los animales. Suelen afectar a animales de entre tres d\u00edas y seis [&hellip;]\" \/>\n<meta property=\"og:url\" content=\"https:\/\/starvac.com.br\/es\/enterotoxaemias\/\" \/>\n<meta property=\"og:site_name\" content=\"VACINA STARVAC\" \/>\n<meta property=\"article:modified_time\" content=\"2023-04-01T18:15:39+00:00\" \/>\n<meta property=\"og:image\" content=\"https:\/\/starvac.com.br\/wp-content\/uploads\/2023\/03\/produto-starvac.png\" \/>\n<meta name=\"twitter:card\" content=\"summary_large_image\" \/>\n<meta name=\"twitter:label1\" content=\"Tiempo de lectura\" \/>\n\t<meta name=\"twitter:data1\" content=\"1 minuto\" \/>\n<script type=\"application\/ld+json\" class=\"yoast-schema-graph\">{\"@context\":\"https:\/\/schema.org\",\"@graph\":[{\"@type\":\"WebPage\",\"@id\":\"https:\/\/starvac.com.br\/es\/enterotoxaemias\/\",\"url\":\"https:\/\/starvac.com.br\/es\/enterotoxaemias\/\",\"name\":\"Enterotoxaemias - VACINA STARVAC\",\"isPartOf\":{\"@id\":\"https:\/\/starvac.com.br\/#website\"},\"datePublished\":\"2023-03-11T18:31:26+00:00\",\"dateModified\":\"2023-04-01T18:15:39+00:00\",\"breadcrumb\":{\"@id\":\"https:\/\/starvac.com.br\/es\/enterotoxaemias\/#breadcrumb\"},\"inLanguage\":\"es\",\"potentialAction\":[{\"@type\":\"ReadAction\",\"target\":[\"https:\/\/starvac.com.br\/es\/enterotoxaemias\/\"]}]},{\"@type\":\"BreadcrumbList\",\"@id\":\"https:\/\/starvac.com.br\/es\/enterotoxaemias\/#breadcrumb\",\"itemListElement\":[{\"@type\":\"ListItem\",\"position\":1,\"name\":\"In\u00edcio\",\"item\":\"https:\/\/starvac.com.br\/\"},{\"@type\":\"ListItem\",\"position\":2,\"name\":\"Enterotoxaemias\"}]},{\"@type\":\"WebSite\",\"@id\":\"https:\/\/starvac.com.br\/#website\",\"url\":\"https:\/\/starvac.com.br\/\",\"name\":\"VACINA STARVAC\",\"description\":\"Labovet Produtos Veterin\u00e1rios\",\"potentialAction\":[{\"@type\":\"SearchAction\",\"target\":{\"@type\":\"EntryPoint\",\"urlTemplate\":\"https:\/\/starvac.com.br\/?s={search_term_string}\"},\"query-input\":\"required name=search_term_string\"}],\"inLanguage\":\"es\"}]}<\/script>\n<!-- \/ Yoast SEO Premium plugin. -->","yoast_head_json":{"title":"Enterotoxaemias - VACINA STARVAC","robots":{"index":"index","follow":"follow","max-snippet":"max-snippet:-1","max-image-preview":"max-image-preview:large","max-video-preview":"max-video-preview:-1"},"canonical":"https:\/\/starvac.com.br\/es\/enterotoxaemias\/","og_locale":"es_ES","og_type":"article","og_title":"Enterotoxaemias","og_description":"VOLVER Enterotoxaemias Es una clostridiosis clasificada como ent\u00e9rica, causada por Clostridium perfringens tipo B, C y D y se presenta en ovinos, caprinos y bovinos. Las bacterias son anaerobias, grampositivas y f\u00e1cilmente permanentes en la naturaleza, el suelo y el tracto intestinal de los animales. Suelen afectar a animales de entre tres d\u00edas y seis [&hellip;]","og_url":"https:\/\/starvac.com.br\/es\/enterotoxaemias\/","og_site_name":"VACINA STARVAC","article_modified_time":"2023-04-01T18:15:39+00:00","og_image":[{"url":"https:\/\/starvac.com.br\/wp-content\/uploads\/2023\/03\/produto-starvac.png"}],"twitter_card":"summary_large_image","twitter_misc":{"Tiempo de lectura":"1 minuto"},"schema":{"@context":"https:\/\/schema.org","@graph":[{"@type":"WebPage","@id":"https:\/\/starvac.com.br\/es\/enterotoxaemias\/","url":"https:\/\/starvac.com.br\/es\/enterotoxaemias\/","name":"Enterotoxaemias - VACINA STARVAC","isPartOf":{"@id":"https:\/\/starvac.com.br\/#website"},"datePublished":"2023-03-11T18:31:26+00:00","dateModified":"2023-04-01T18:15:39+00:00","breadcrumb":{"@id":"https:\/\/starvac.com.br\/es\/enterotoxaemias\/#breadcrumb"},"inLanguage":"es","potentialAction":[{"@type":"ReadAction","target":["https:\/\/starvac.com.br\/es\/enterotoxaemias\/"]}]},{"@type":"BreadcrumbList","@id":"https:\/\/starvac.com.br\/es\/enterotoxaemias\/#breadcrumb","itemListElement":[{"@type":"ListItem","position":1,"name":"In\u00edcio","item":"https:\/\/starvac.com.br\/"},{"@type":"ListItem","position":2,"name":"Enterotoxaemias"}]},{"@type":"WebSite","@id":"https:\/\/starvac.com.br\/#website","url":"https:\/\/starvac.com.br\/","name":"VACINA STARVAC","description":"Labovet Produtos Veterin\u00e1rios","potentialAction":[{"@type":"SearchAction","target":{"@type":"EntryPoint","urlTemplate":"https:\/\/starvac.com.br\/?s={search_term_string}"},"query-input":"required name=search_term_string"}],"inLanguage":"es"}]}},"_links":{"self":[{"href":"https:\/\/starvac.com.br\/es\/wp-json\/wp\/v2\/pages\/1835"}],"collection":[{"href":"https:\/\/starvac.com.br\/es\/wp-json\/wp\/v2\/pages"}],"about":[{"href":"https:\/\/starvac.com.br\/es\/wp-json\/wp\/v2\/types\/page"}],"author":[{"embeddable":true,"href":"https:\/\/starvac.com.br\/es\/wp-json\/wp\/v2\/users\/9"}],"replies":[{"embeddable":true,"href":"https:\/\/starvac.com.br\/es\/wp-json\/wp\/v2\/comments?post=1835"}],"version-history":[{"count":0,"href":"https:\/\/starvac.com.br\/es\/wp-json\/wp\/v2\/pages\/1835\/revisions"}],"wp:attachment":[{"href":"https:\/\/starvac.com.br\/es\/wp-json\/wp\/v2\/media?parent=1835"}],"curies":[{"name":"wp","href":"https:\/\/api.w.org\/{rel}","templated":true}]}}