{"id":1841,"date":"2023-03-11T15:26:01","date_gmt":"2023-03-11T18:26:01","guid":{"rendered":"https:\/\/starvac.com.br\/gangrena-gaseosa\/"},"modified":"2023-04-01T15:22:02","modified_gmt":"2023-04-01T18:22:02","slug":"gangrena-gaseosa","status":"publish","type":"page","link":"https:\/\/starvac.com.br\/es\/gangrena-gaseosa\/","title":{"rendered":"Gangrena gaseosa"},"content":{"rendered":"\t\t<div data-elementor-type=\"wp-page\" data-elementor-id=\"1841\" class=\"elementor elementor-1841\">\n\t\t\t\t\t\t\t<div class=\"elementor-element elementor-element-515f518 e-con-boxed e-con\" data-id=\"515f518\" data-element_type=\"container\" data-settings=\"{&quot;background_background&quot;:&quot;classic&quot;,&quot;content_width&quot;:&quot;boxed&quot;}\" data-e-bg-lazyload=\"\">\n\t\t\t\t\t<div class=\"e-con-inner\">\n\t\t<div class=\"elementor-element elementor-element-050420d e-con-full e-con\" data-id=\"050420d\" data-element_type=\"container\" data-settings=\"{&quot;content_width&quot;:&quot;full&quot;}\">\n\t\t\t\t<div class=\"elementor-element elementor-element-798b445 elementor-tablet-align-center elementor-mobile-align-justify elementor-widget elementor-widget-button\" data-id=\"798b445\" data-element_type=\"widget\" data-widget_type=\"button.default\">\n\t\t\t\t<div class=\"elementor-widget-container\">\n\t\t\t\t\t<div class=\"elementor-button-wrapper\">\n\t\t\t<a href=\"https:\/\/starvac.com.br\/es\/\" class=\"elementor-button-link elementor-button elementor-size-md\" role=\"button\">\n\t\t\t\t\t\t<span class=\"elementor-button-content-wrapper\">\n\t\t\t\t\t\t<span class=\"elementor-button-text\">VOLVER<\/span>\n\t\t<\/span>\n\t\t\t\t\t<\/a>\n\t\t<\/div>\n\t\t\t\t<\/div>\n\t\t\t\t<\/div>\n\t\t\t\t<div class=\"elementor-element elementor-element-6455f43 elementor-widget elementor-widget-heading\" data-id=\"6455f43\" data-element_type=\"widget\" data-widget_type=\"heading.default\">\n\t\t\t\t<div class=\"elementor-widget-container\">\n\t\t\t<style>\/*! elementor - v3.12.0 - 29-03-2023 *\/\n.elementor-heading-title{padding:0;margin:0;line-height:1}.elementor-widget-heading .elementor-heading-title[class*=elementor-size-]>a{color:inherit;font-size:inherit;line-height:inherit}.elementor-widget-heading .elementor-heading-title.elementor-size-small{font-size:15px}.elementor-widget-heading .elementor-heading-title.elementor-size-medium{font-size:19px}.elementor-widget-heading .elementor-heading-title.elementor-size-large{font-size:29px}.elementor-widget-heading .elementor-heading-title.elementor-size-xl{font-size:39px}.elementor-widget-heading .elementor-heading-title.elementor-size-xxl{font-size:59px}<\/style><h2 class=\"elementor-heading-title elementor-size-default\">Gangrena gaseosa<\/h2>\t\t<\/div>\n\t\t\t\t<\/div>\n\t\t\t\t<div class=\"elementor-element elementor-element-7e0916c elementor-widget elementor-widget-text-editor\" data-id=\"7e0916c\" data-element_type=\"widget\" data-widget_type=\"text-editor.default\">\n\t\t\t\t<div class=\"elementor-widget-container\">\n\t\t\t<style>\/*! elementor - v3.12.0 - 29-03-2023 *\/\n.elementor-widget-text-editor.elementor-drop-cap-view-stacked .elementor-drop-cap{background-color:#69727d;color:#fff}.elementor-widget-text-editor.elementor-drop-cap-view-framed .elementor-drop-cap{color:#69727d;border:3px solid;background-color:transparent}.elementor-widget-text-editor:not(.elementor-drop-cap-view-default) .elementor-drop-cap{margin-top:8px}.elementor-widget-text-editor:not(.elementor-drop-cap-view-default) .elementor-drop-cap-letter{width:1em;height:1em}.elementor-widget-text-editor .elementor-drop-cap{float:left;text-align:center;line-height:1;font-size:50px}.elementor-widget-text-editor .elementor-drop-cap-letter{display:inline-block}<\/style>\t\t\t\tLa gangrena gaseosa es una clostridiosis tambi\u00e9n clasificada como mionecrotizante. Est\u00e1 causada, la mayor\u00eda de las veces, por Clostridium septicum, C. sordellii y en ocasiones por C. perfringens tipo A. Se trata de bacterias ex\u00f3genas, ampliamente invasoras en el tejido muscular, que, a pesar de no afectar con tanta frecuencia a los animales, existe un n\u00famero importante de muertes cuando se present\u00f3, lo que hace que esta bacteria tenga su grado de relevancia en el escenario econ\u00f3mico de la ganader\u00eda.\t\t\t\t\t\t<\/div>\n\t\t\t\t<\/div>\n\t\t\t\t<\/div>\n\t\t<div class=\"elementor-element elementor-element-36fdba5 e-con-boxed e-con\" data-id=\"36fdba5\" data-element_type=\"container\" data-settings=\"{&quot;content_width&quot;:&quot;boxed&quot;}\">\n\t\t\t\t\t<div class=\"e-con-inner\">\n\t\t\t\t<div class=\"elementor-element elementor-element-5999782 elementor-hidden-desktop elementor-widget elementor-widget-image\" data-id=\"5999782\" data-element_type=\"widget\" data-widget_type=\"image.default\">\n\t\t\t\t<div class=\"elementor-widget-container\">\n\t\t\t<style>\/*! elementor - v3.12.0 - 29-03-2023 *\/\n.elementor-widget-image{text-align:center}.elementor-widget-image a{display:inline-block}.elementor-widget-image a img[src$=\".svg\"]{width:48px}.elementor-widget-image img{vertical-align:middle;display:inline-block}<\/style>\t\t\t\t\t\t\t\t\t\t\t\t<img decoding=\"async\" width=\"723\" height=\"666\" src=\"https:\/\/starvac.com.br\/wp-content\/uploads\/2023\/03\/produto-starvac.png\" class=\"attachment-large size-large wp-image-309\" alt=\"\" loading=\"lazy\" srcset=\"https:\/\/starvac.com.br\/wp-content\/uploads\/2023\/03\/produto-starvac.png 723w, https:\/\/starvac.com.br\/wp-content\/uploads\/2023\/03\/produto-starvac-300x276.png 300w\" sizes=\"(max-width: 723px) 100vw, 723px\" \/>\t\t\t\t\t\t\t\t\t\t\t\t\t\t\t<\/div>\n\t\t\t\t<\/div>\n\t\t\t\t\t<\/div>\n\t\t\t\t<\/div>\n\t\t\t\t\t<\/div>\n\t\t\t\t<\/div>\n\t\t<div class=\"elementor-element elementor-element-ec8cd1d e-con-boxed e-con\" data-id=\"ec8cd1d\" data-element_type=\"container\" data-settings=\"{&quot;content_width&quot;:&quot;boxed&quot;}\">\n\t\t\t\t\t<div class=\"e-con-inner\">\n\t\t<div class=\"elementor-element elementor-element-4f01a7f e-con-full e-con\" data-id=\"4f01a7f\" data-element_type=\"container\" data-settings=\"{&quot;content_width&quot;:&quot;full&quot;}\">\n\t\t<div class=\"elementor-element elementor-element-5474091 e-con-full e-con\" data-id=\"5474091\" data-element_type=\"container\" data-settings=\"{&quot;content_width&quot;:&quot;full&quot;}\">\n\t\t<div class=\"elementor-element elementor-element-09cd119 e-con-boxed e-con\" data-id=\"09cd119\" data-element_type=\"container\" data-settings=\"{&quot;content_width&quot;:&quot;boxed&quot;}\">\n\t\t\t\t\t<div class=\"e-con-inner\">\n\t\t\t\t<div class=\"elementor-element elementor-element-f5d47b5 elementor-align-justify elementor-widget elementor-widget-button\" data-id=\"f5d47b5\" data-element_type=\"widget\" data-widget_type=\"button.default\">\n\t\t\t\t<div class=\"elementor-widget-container\">\n\t\t\t\t\t<div class=\"elementor-button-wrapper\">\n\t\t\t<a href=\"https:\/\/starvac.com.br\/es\/botulismo-de-tipo-c-y-d\/\" class=\"elementor-button-link elementor-button elementor-size-sm\" role=\"button\">\n\t\t\t\t\t\t<span class=\"elementor-button-content-wrapper\">\n\t\t\t\t\t\t<span class=\"elementor-button-text\">Botulismo de tipo C y D<\/span>\n\t\t<\/span>\n\t\t\t\t\t<\/a>\n\t\t<\/div>\n\t\t\t\t<\/div>\n\t\t\t\t<\/div>\n\t\t\t\t<div class=\"elementor-element elementor-element-9dde3ac elementor-align-justify elementor-widget elementor-widget-button\" data-id=\"9dde3ac\" data-element_type=\"widget\" data-widget_type=\"button.default\">\n\t\t\t\t<div class=\"elementor-widget-container\">\n\t\t\t\t\t<div class=\"elementor-button-wrapper\">\n\t\t\t<a href=\"https:\/\/starvac.com.br\/morte-subita\/\" class=\"elementor-button-link elementor-button elementor-size-sm\" role=\"button\">\n\t\t\t\t\t\t<span class=\"elementor-button-content-wrapper\">\n\t\t\t\t\t\t<span class=\"elementor-button-text\">Muerte s\u00fabita<\/span>\n\t\t<\/span>\n\t\t\t\t\t<\/a>\n\t\t<\/div>\n\t\t\t\t<\/div>\n\t\t\t\t<\/div>\n\t\t\t\t<div class=\"elementor-element elementor-element-a7a27d9 elementor-align-justify elementor-widget elementor-widget-button\" data-id=\"a7a27d9\" data-element_type=\"widget\" data-widget_type=\"button.default\">\n\t\t\t\t<div class=\"elementor-widget-container\">\n\t\t\t\t\t<div class=\"elementor-button-wrapper\">\n\t\t\t<a href=\"https:\/\/starvac.com.br\/gangrena-gasosa\/\" class=\"elementor-button-link elementor-button elementor-size-sm\" role=\"button\">\n\t\t\t\t\t\t<span class=\"elementor-button-content-wrapper\">\n\t\t\t\t\t\t<span class=\"elementor-button-text\">Gangrena gaseosa<\/span>\n\t\t<\/span>\n\t\t\t\t\t<\/a>\n\t\t<\/div>\n\t\t\t\t<\/div>\n\t\t\t\t<\/div>\n\t\t\t\t\t<\/div>\n\t\t\t\t<\/div>\n\t\t<div class=\"elementor-element elementor-element-aba5612 e-con-boxed e-con\" data-id=\"aba5612\" data-element_type=\"container\" data-settings=\"{&quot;content_width&quot;:&quot;boxed&quot;}\">\n\t\t\t\t\t<div class=\"e-con-inner\">\n\t\t\t\t<div class=\"elementor-element elementor-element-4741a09 elementor-align-justify elementor-widget elementor-widget-button\" data-id=\"4741a09\" data-element_type=\"widget\" data-widget_type=\"button.default\">\n\t\t\t\t<div class=\"elementor-widget-container\">\n\t\t\t\t\t<div class=\"elementor-button-wrapper\">\n\t\t\t<a href=\"https:\/\/starvac.com.br\/es\/carbunco-sintomatico\/\" class=\"elementor-button-link elementor-button elementor-size-sm\" role=\"button\">\n\t\t\t\t\t\t<span class=\"elementor-button-content-wrapper\">\n\t\t\t\t\t\t<span class=\"elementor-button-text\">Carbunco Sintomatico<\/span>\n\t\t<\/span>\n\t\t\t\t\t<\/a>\n\t\t<\/div>\n\t\t\t\t<\/div>\n\t\t\t\t<\/div>\n\t\t\t\t<div class=\"elementor-element elementor-element-6d97770 elementor-align-justify elementor-widget elementor-widget-button\" data-id=\"6d97770\" data-element_type=\"widget\" data-widget_type=\"button.default\">\n\t\t\t\t<div class=\"elementor-widget-container\">\n\t\t\t\t\t<div class=\"elementor-button-wrapper\">\n\t\t\t<a href=\"https:\/\/starvac.com.br\/es\/enterotoxaemias\/\" class=\"elementor-button-link elementor-button elementor-size-sm\" role=\"button\">\n\t\t\t\t\t\t<span class=\"elementor-button-content-wrapper\">\n\t\t\t\t\t\t<span class=\"elementor-button-text\">Enterotoxaemias<\/span>\n\t\t<\/span>\n\t\t\t\t\t<\/a>\n\t\t<\/div>\n\t\t\t\t<\/div>\n\t\t\t\t<\/div>\n\t\t\t\t<div class=\"elementor-element elementor-element-cea8efc elementor-align-justify elementor-widget elementor-widget-button\" data-id=\"cea8efc\" data-element_type=\"widget\" data-widget_type=\"button.default\">\n\t\t\t\t<div class=\"elementor-widget-container\">\n\t\t\t\t\t<div class=\"elementor-button-wrapper\">\n\t\t\t<a href=\"https:\/\/starvac.com.br\/es\/doenca-do-rim-polposo\/\" class=\"elementor-button-link elementor-button elementor-size-sm\" role=\"button\">\n\t\t\t\t\t\t<span class=\"elementor-button-content-wrapper\">\n\t\t\t\t\t\t<span class=\"elementor-button-text\">Doen\u00e7a do Rim Polposo<\/span>\n\t\t<\/span>\n\t\t\t\t\t<\/a>\n\t\t<\/div>\n\t\t\t\t<\/div>\n\t\t\t\t<\/div>\n\t\t\t\t\t<\/div>\n\t\t\t\t<\/div>\n\t\t\t\t<\/div>\n\t\t\t\t<div class=\"elementor-element elementor-element-9517686 elementor-tablet-align-center elementor-mobile-align-center elementor-widget__width-initial elementor-widget-mobile__width-inherit elementor-icon-list--layout-traditional elementor-list-item-link-full_width elementor-widget elementor-widget-icon-list\" data-id=\"9517686\" data-element_type=\"widget\" data-widget_type=\"icon-list.default\">\n\t\t\t\t<div class=\"elementor-widget-container\">\n\t\t\t<link rel=\"stylesheet\" href=\"https:\/\/starvac.com.br\/wp-content\/plugins\/elementor\/assets\/css\/widget-icon-list.min.css\">\t\t<ul class=\"elementor-icon-list-items\">\n\t\t\t\t\t\t\t<li class=\"elementor-icon-list-item\">\n\t\t\t\t\t\t\t\t\t\t\t<span class=\"elementor-icon-list-icon\">\n\t\t\t\t\t\t\t<svg xmlns=\"http:\/\/www.w3.org\/2000\/svg\" xmlns:xlink=\"http:\/\/www.w3.org\/1999\/xlink\" width=\"31\" height=\"45\" viewBox=\"0 0 31 45\" fill=\"none\"><path d=\"M11.0417 13.25C11.0417 12.6643 11.2743 12.1026 11.6885 11.6885C12.1026 11.2743 12.6643 11.0417 13.25 11.0417C13.8357 11.0417 14.3974 11.2743 14.8115 11.6885C15.2257 12.1026 15.4583 12.6643 15.4583 13.25V23.1213L18.1304 23.4083L29.0396 28.2446C30.21 28.7746 30.9167 29.945 30.9167 31.2258V40.8542C30.8504 42.665 29.415 44.1004 27.6042 44.1667H13.25C12.4108 44.1667 11.6158 43.8354 11.0417 43.2171L0.220833 33.9421L1.855 32.2417C2.27458 31.7779 2.87083 31.535 3.48917 31.535H3.975L11.0417 35.3333V13.25ZM13.25 4.41667C15.5927 4.41667 17.8395 5.34732 19.4961 7.00389C21.1527 8.66046 22.0833 10.9073 22.0833 13.25C22.0833 16.5625 20.3167 19.3671 17.6667 20.8908V18.1967C19.0138 16.9821 19.875 15.2154 19.875 13.25C19.875 11.4929 19.177 9.80785 17.9346 8.56542C16.6922 7.32299 15.0071 6.625 13.25 6.625C11.4929 6.625 9.80785 7.32299 8.56542 8.56542C7.32299 9.80785 6.625 11.4929 6.625 13.25C6.625 15.2154 7.48625 16.9821 8.83333 18.1967V20.8908C6.18333 19.3671 4.41667 16.5625 4.41667 13.25C4.41667 10.9073 5.34732 8.66046 7.00389 7.00389C8.66046 5.34732 10.9073 4.41667 13.25 4.41667ZM13.25 0C16.7641 0 20.1343 1.39598 22.6192 3.88084C25.104 6.36569 26.5 9.73588 26.5 13.25C26.5 17.0042 24.9321 20.3829 22.4367 22.8121L20.2283 21.8183C21.4973 20.7797 22.52 19.4724 23.2226 17.9907C23.9253 16.509 24.2904 14.8899 24.2917 13.25C24.2917 10.3216 23.1284 7.51308 21.0576 5.44236C18.9869 3.37165 16.1784 2.20833 13.25 2.20833C10.3216 2.20833 7.51308 3.37165 5.44236 5.44236C3.37165 7.51308 2.20833 10.3216 2.20833 13.25C2.20833 17.7771 4.92458 21.6638 8.83333 23.3642V25.7492C3.68792 23.9163 0 19.0138 0 13.25C0 9.73588 1.39598 6.36569 3.88084 3.88084C6.36569 1.39598 9.73588 0 13.25 0Z\" fill=\"url(#pattern0)\"><\/path><path d=\"M11.0417 13.25C11.0417 12.6643 11.2743 12.1026 11.6885 11.6885C12.1026 11.2743 12.6643 11.0417 13.25 11.0417C13.8357 11.0417 14.3974 11.2743 14.8115 11.6885C15.2257 12.1026 15.4583 12.6643 15.4583 13.25V23.1213L18.1304 23.4083L29.0396 28.2446C30.21 28.7746 30.9167 29.945 30.9167 31.2258V40.8542C30.8504 42.665 29.415 44.1004 27.6042 44.1667H13.25C12.4108 44.1667 11.6158 43.8354 11.0417 43.2171L0.220833 33.9421L1.855 32.2417C2.27458 31.7779 2.87083 31.535 3.48917 31.535H3.975L11.0417 35.3333V13.25ZM13.25 4.41667C15.5927 4.41667 17.8395 5.34732 19.4961 7.00389C21.1527 8.66046 22.0833 10.9073 22.0833 13.25C22.0833 16.5625 20.3167 19.3671 17.6667 20.8908V18.1967C19.0138 16.9821 19.875 15.2154 19.875 13.25C19.875 11.4929 19.177 9.80785 17.9346 8.56542C16.6922 7.32299 15.0071 6.625 13.25 6.625C11.4929 6.625 9.80785 7.32299 8.56542 8.56542C7.32299 9.80785 6.625 11.4929 6.625 13.25C6.625 15.2154 7.48625 16.9821 8.83333 18.1967V20.8908C6.18333 19.3671 4.41667 16.5625 4.41667 13.25C4.41667 10.9073 5.34732 8.66046 7.00389 7.00389C8.66046 5.34732 10.9073 4.41667 13.25 4.41667ZM13.25 0C16.7641 0 20.1343 1.39598 22.6192 3.88084C25.104 6.36569 26.5 9.73588 26.5 13.25C26.5 17.0042 24.9321 20.3829 22.4367 22.8121L20.2283 21.8183C21.4973 20.7797 22.52 19.4724 23.2226 17.9907C23.9253 16.509 24.2904 14.8899 24.2917 13.25C24.2917 10.3216 23.1284 7.51308 21.0576 5.44236C18.9869 3.37165 16.1784 2.20833 13.25 2.20833C10.3216 2.20833 7.51308 3.37165 5.44236 5.44236C3.37165 7.51308 2.20833 10.3216 2.20833 13.25C2.20833 17.7771 4.92458 21.6638 8.83333 23.3642V25.7492C3.68792 23.9163 0 19.0138 0 13.25C0 9.73588 1.39598 6.36569 3.88084 3.88084C6.36569 1.39598 9.73588 0 13.25 0Z\" fill=\"#19477D\"><\/path><defs><pattern id=\"pattern0\" patternContentUnits=\"objectBoundingBox\" width=\"1\" height=\"1\"><use xlink:href=\"#image0_13_4130\" transform=\"matrix(0.0125313 0 0 0.00877193 -0.126566 0)\"><\/use><\/pattern><image id=\"image0_13_4130\" width=\"100\" height=\"114\" xlink:href=\"data:image\/png;base64,iVBORw0KGgoAAAANSUhEUgAAAGQAAAByCAYAAAClbXTSAAAAAXNSR0IArs4c6QAAAARnQU1BAACxjwv8YQUAAAAJcEhZcwAADsMAAA7DAcdvqGQAAAQ6SURBVHhe7ZgJcuMwDARjP2NftJ\/at3szZmBCEA+IvibJdBXLIgmCEFtyjtOfv\/8uH1+cPtut0+DyOXlC0IREyBDsgb2M02dVl0HWGP8ofF67XtlrVr\/njDBrwPdjQ7DvA9\/34\/cQb3h2M8+QAXxeu17ZKysDnFfuBWvQYH7LSrbjvGaX93AuH6u3GM1PnuTBPvgqEDch5TRGWvwcou38sioRd7quaq848lWw6u7AFjewZmXdKl9CKq0CfD9e77+22tRDXD3O94BqX1nxRkhvYz8+Ki6npnI03lhdB0ZrMXdP7i39TGXG5re7boRg2D8RPjSO2bjN1P5Rcit7UbPVmeyIsV9M7T49lmNUw36uZrJ5H4Pdyhg+a+xNSEy4Xbyf92znSm+2BpQy9kdQM\/TzbMf2EX6dv95Sfs2wOlpr6nyr0i22NoJ11kDM4\/vDnyFxYW9Dj5k3fD5PLleh1rFdZb36tNU2osaVzDF+1jcsj4EqWmtjXIzxXIX0AkYLjUxMoRRrDfi+jRl2WCYDn1E2wEgVlqMXj\/G63z6vrzPWAbzg0rZRNr7HIi\/7N8TTK3yFzLG1Cu7fhLGXNKJXBcZHe9l42W0f1c5bRmcV+rMZCmFidlBZ2se5B4fUiivj9QAtKsZ6QZmH0dQNhWQK\/yms3mvvsI\/kswxY823ekJ+MlychL2b28+QuIc\/6t\/crmB3Ms5h9xb39DWE7mBlYtbYyx2Eh\/q34jf8yx+0\/8xG6ColfPei3Gni0hNUn9adyFeIP+VkHDyz3b2HlflNfWSYns8FvO\/QZOA9rGc4x0L8ZuLa+XfeSH9lUtMH53d4QO8zeodq4lwQwjubHe7n8Ok+My+LXrebIks2POGugdV4jzqNgn9wftsX1xls57bOFj88Qc41yHwW5rEUy+\/h7wbXPNVpvc9evrFZgHJv1AQqwIjzox+I8rXEbs\/HWvOEPwdNaYy1DjO\/t02O2T8wPrm9IdqPWBn6sd90DMZk4T4xv7enzxnijNd6LBf6MRnGjuQzNv0PeCWqJ9czq8\/NH7uVIbARrV\/cFvfjdb1n30suHcXvKcN2Km9Uym+\/R2w\/Y3Cx3L86Pxbkeo7jU3yGPIltwlqPf6az4+3ipENHGP6jfWsij3zgG9IaQISFkSAgZEkKGhJAhIWRICBkSQoaEkCEhZEgIGRJChoSQISFkSAgZEkKGhJAhIWRICBkSQoaEkCEhZEgIGRJChoSQISFkSAgZEkKGhJAhIWRICBkSQoaEkCEhZEgIGRJChoSQISFkSAgZEkKGhJAhIWRICBkSQoaEkCEhZEgIGRJChoSQISFkSAgZEkKGhJAhIWRICBkSQoaEkCEhZEgIGRJChoSQISFkSAgZEkKGhJAhIWRICBkSQoaEkCEhZEgIGRJChoSQISFkSAgZEkKGhJAhIWRICBkSQoaEkCEhVHx8\/AdvUuWyjgjwDwAAAABJRU5ErkJggg==\"><\/image><\/defs><\/svg>\t\t\t\t\t\t<\/span>\n\t\t\t\t\t\t\t\t\t\t<span class=\"elementor-icon-list-text\">HAZ CLIC EN LOS BOTONES DE ABAJO Y VER M\u00c1S SOBRE OTRAS ENFERMEDADES<\/span>\n\t\t\t\t\t\t\t\t\t<\/li>\n\t\t\t\t\t\t<\/ul>\n\t\t\t\t<\/div>\n\t\t\t\t<\/div>\n\t\t\t\t<div class=\"elementor-element elementor-element-da5060f elementor-widget elementor-widget-text-editor\" data-id=\"da5060f\" data-element_type=\"widget\" data-widget_type=\"text-editor.default\">\n\t\t\t\t<div class=\"elementor-widget-container\">\n\t\t\t\t\t\t\t<p>CONTAMINACI\u00d3N: Entre los principales mecanismos de entrada de la bacteria al organismo del animal se encuentran los procedimientos de pr\u00e1cticas quir\u00fargicas. Cuando no se limpian adecuadamente, pueden provocar una infecci\u00f3n, ya que las bacterias tienen como ambiente el suelo y el tubo digestivo.<\/p><p>MANIFESTACIONES CL\u00cdNICAS: Dentro de las manifestaciones cl\u00ednicas, el animal presenta edema crepitante en los m\u00fasculos esquel\u00e9ticos y en el tejido subcut\u00e1neo, evolucionando con hemorragia y necrosis. Tambi\u00e9n se puede observar fiebre, depresi\u00f3n, apat\u00eda, p\u00e9rdida de apetito, taquicardia, dificultad para caminar y septicemia, que pueden llevar al animal a la muerte en pocas horas, generalmente 24h a 48h despu\u00e9s del inicio de la enfermedad.<\/p><p>PROFILAXIS: Es una enfermedad altamente contagiosa, de r\u00e1pida propagaci\u00f3n y contaminaci\u00f3n a otros animales con herida expuesta en la piel, provocando, en muchos casos, muertes s\u00fabitas. Y la mejor forma de profilaxis es con vacunaci\u00f3n.<\/p>\t\t\t\t\t\t<\/div>\n\t\t\t\t<\/div>\n\t\t\t\t<\/div>\n\t\t<div class=\"elementor-element elementor-element-e11691e e-con-full e-con\" data-id=\"e11691e\" data-element_type=\"container\" data-settings=\"{&quot;content_width&quot;:&quot;full&quot;}\">\n\t\t\t\t<div class=\"elementor-element elementor-element-a521633 elementor-hidden-tablet elementor-hidden-mobile elementor-widget elementor-widget-image\" data-id=\"a521633\" data-element_type=\"widget\" data-widget_type=\"image.default\">\n\t\t\t\t<div class=\"elementor-widget-container\">\n\t\t\t\t\t\t\t\t\t\t\t\t\t\t\t<img decoding=\"async\" width=\"369\" height=\"349\" src=\"https:\/\/starvac.com.br\/wp-content\/uploads\/2023\/03\/300px-Clostridium_botulinum-1.png\" class=\"attachment-full size-full wp-image-499\" alt=\"\" loading=\"lazy\" srcset=\"https:\/\/starvac.com.br\/wp-content\/uploads\/2023\/03\/300px-Clostridium_botulinum-1.png 369w, https:\/\/starvac.com.br\/wp-content\/uploads\/2023\/03\/300px-Clostridium_botulinum-1-300x284.png 300w\" sizes=\"(max-width: 369px) 100vw, 369px\" \/>\t\t\t\t\t\t\t\t\t\t\t\t\t\t\t<\/div>\n\t\t\t\t<\/div>\n\t\t\t\t<\/div>\n\t\t\t\t\t<\/div>\n\t\t\t\t<\/div>\n\t\t\t\t\t\t\t<\/div>\n\t\t","protected":false},"excerpt":{"rendered":"<p>VOLVER Gangrena gaseosa La gangrena gaseosa es una clostridiosis tambi\u00e9n clasificada como mionecrotizante. Est\u00e1 causada, la mayor\u00eda de las veces, por Clostridium septicum, C. sordellii y en ocasiones por C. perfringens tipo A. Se trata de bacterias ex\u00f3genas, ampliamente invasoras en el tejido muscular, que, a pesar de no afectar con tanta frecuencia a los [&hellip;]<\/p>\n","protected":false},"author":9,"featured_media":0,"parent":0,"menu_order":0,"comment_status":"closed","ping_status":"closed","template":"","meta":[],"yoast_head":"<!-- This site is optimized with the Yoast SEO Premium plugin v19.5 (Yoast SEO v20.4) - https:\/\/yoast.com\/wordpress\/plugins\/seo\/ -->\n<title>Gangrena gaseosa - VACINA STARVAC<\/title>\n<meta name=\"robots\" content=\"index, follow, max-snippet:-1, max-image-preview:large, max-video-preview:-1\" \/>\n<link rel=\"canonical\" href=\"https:\/\/starvac.com.br\/es\/gangrena-gaseosa\/\" \/>\n<meta property=\"og:locale\" content=\"es_ES\" \/>\n<meta property=\"og:type\" content=\"article\" \/>\n<meta property=\"og:title\" content=\"Gangrena gaseosa\" \/>\n<meta property=\"og:description\" content=\"VOLVER Gangrena gaseosa La gangrena gaseosa es una clostridiosis tambi\u00e9n clasificada como mionecrotizante. Est\u00e1 causada, la mayor\u00eda de las veces, por Clostridium septicum, C. sordellii y en ocasiones por C. perfringens tipo A. Se trata de bacterias ex\u00f3genas, ampliamente invasoras en el tejido muscular, que, a pesar de no afectar con tanta frecuencia a los [&hellip;]\" \/>\n<meta property=\"og:url\" content=\"https:\/\/starvac.com.br\/es\/gangrena-gaseosa\/\" \/>\n<meta property=\"og:site_name\" content=\"VACINA STARVAC\" \/>\n<meta property=\"article:modified_time\" content=\"2023-04-01T18:22:02+00:00\" \/>\n<meta property=\"og:image\" content=\"https:\/\/starvac.com.br\/wp-content\/uploads\/2023\/03\/produto-starvac.png\" \/>\n<meta name=\"twitter:card\" content=\"summary_large_image\" \/>\n<meta name=\"twitter:label1\" content=\"Tiempo de lectura\" \/>\n\t<meta name=\"twitter:data1\" content=\"1 minuto\" \/>\n<script type=\"application\/ld+json\" class=\"yoast-schema-graph\">{\"@context\":\"https:\/\/schema.org\",\"@graph\":[{\"@type\":\"WebPage\",\"@id\":\"https:\/\/starvac.com.br\/es\/gangrena-gaseosa\/\",\"url\":\"https:\/\/starvac.com.br\/es\/gangrena-gaseosa\/\",\"name\":\"Gangrena gaseosa - VACINA STARVAC\",\"isPartOf\":{\"@id\":\"https:\/\/starvac.com.br\/#website\"},\"datePublished\":\"2023-03-11T18:26:01+00:00\",\"dateModified\":\"2023-04-01T18:22:02+00:00\",\"breadcrumb\":{\"@id\":\"https:\/\/starvac.com.br\/es\/gangrena-gaseosa\/#breadcrumb\"},\"inLanguage\":\"es\",\"potentialAction\":[{\"@type\":\"ReadAction\",\"target\":[\"https:\/\/starvac.com.br\/es\/gangrena-gaseosa\/\"]}]},{\"@type\":\"BreadcrumbList\",\"@id\":\"https:\/\/starvac.com.br\/es\/gangrena-gaseosa\/#breadcrumb\",\"itemListElement\":[{\"@type\":\"ListItem\",\"position\":1,\"name\":\"In\u00edcio\",\"item\":\"https:\/\/starvac.com.br\/\"},{\"@type\":\"ListItem\",\"position\":2,\"name\":\"Gangrena gaseosa\"}]},{\"@type\":\"WebSite\",\"@id\":\"https:\/\/starvac.com.br\/#website\",\"url\":\"https:\/\/starvac.com.br\/\",\"name\":\"VACINA STARVAC\",\"description\":\"Labovet Produtos Veterin\u00e1rios\",\"potentialAction\":[{\"@type\":\"SearchAction\",\"target\":{\"@type\":\"EntryPoint\",\"urlTemplate\":\"https:\/\/starvac.com.br\/?s={search_term_string}\"},\"query-input\":\"required name=search_term_string\"}],\"inLanguage\":\"es\"}]}<\/script>\n<!-- \/ Yoast SEO Premium plugin. -->","yoast_head_json":{"title":"Gangrena gaseosa - VACINA STARVAC","robots":{"index":"index","follow":"follow","max-snippet":"max-snippet:-1","max-image-preview":"max-image-preview:large","max-video-preview":"max-video-preview:-1"},"canonical":"https:\/\/starvac.com.br\/es\/gangrena-gaseosa\/","og_locale":"es_ES","og_type":"article","og_title":"Gangrena gaseosa","og_description":"VOLVER Gangrena gaseosa La gangrena gaseosa es una clostridiosis tambi\u00e9n clasificada como mionecrotizante. Est\u00e1 causada, la mayor\u00eda de las veces, por Clostridium septicum, C. sordellii y en ocasiones por C. perfringens tipo A. Se trata de bacterias ex\u00f3genas, ampliamente invasoras en el tejido muscular, que, a pesar de no afectar con tanta frecuencia a los [&hellip;]","og_url":"https:\/\/starvac.com.br\/es\/gangrena-gaseosa\/","og_site_name":"VACINA STARVAC","article_modified_time":"2023-04-01T18:22:02+00:00","og_image":[{"url":"https:\/\/starvac.com.br\/wp-content\/uploads\/2023\/03\/produto-starvac.png"}],"twitter_card":"summary_large_image","twitter_misc":{"Tiempo de lectura":"1 minuto"},"schema":{"@context":"https:\/\/schema.org","@graph":[{"@type":"WebPage","@id":"https:\/\/starvac.com.br\/es\/gangrena-gaseosa\/","url":"https:\/\/starvac.com.br\/es\/gangrena-gaseosa\/","name":"Gangrena gaseosa - VACINA STARVAC","isPartOf":{"@id":"https:\/\/starvac.com.br\/#website"},"datePublished":"2023-03-11T18:26:01+00:00","dateModified":"2023-04-01T18:22:02+00:00","breadcrumb":{"@id":"https:\/\/starvac.com.br\/es\/gangrena-gaseosa\/#breadcrumb"},"inLanguage":"es","potentialAction":[{"@type":"ReadAction","target":["https:\/\/starvac.com.br\/es\/gangrena-gaseosa\/"]}]},{"@type":"BreadcrumbList","@id":"https:\/\/starvac.com.br\/es\/gangrena-gaseosa\/#breadcrumb","itemListElement":[{"@type":"ListItem","position":1,"name":"In\u00edcio","item":"https:\/\/starvac.com.br\/"},{"@type":"ListItem","position":2,"name":"Gangrena gaseosa"}]},{"@type":"WebSite","@id":"https:\/\/starvac.com.br\/#website","url":"https:\/\/starvac.com.br\/","name":"VACINA STARVAC","description":"Labovet Produtos Veterin\u00e1rios","potentialAction":[{"@type":"SearchAction","target":{"@type":"EntryPoint","urlTemplate":"https:\/\/starvac.com.br\/?s={search_term_string}"},"query-input":"required name=search_term_string"}],"inLanguage":"es"}]}},"_links":{"self":[{"href":"https:\/\/starvac.com.br\/es\/wp-json\/wp\/v2\/pages\/1841"}],"collection":[{"href":"https:\/\/starvac.com.br\/es\/wp-json\/wp\/v2\/pages"}],"about":[{"href":"https:\/\/starvac.com.br\/es\/wp-json\/wp\/v2\/types\/page"}],"author":[{"embeddable":true,"href":"https:\/\/starvac.com.br\/es\/wp-json\/wp\/v2\/users\/9"}],"replies":[{"embeddable":true,"href":"https:\/\/starvac.com.br\/es\/wp-json\/wp\/v2\/comments?post=1841"}],"version-history":[{"count":0,"href":"https:\/\/starvac.com.br\/es\/wp-json\/wp\/v2\/pages\/1841\/revisions"}],"wp:attachment":[{"href":"https:\/\/starvac.com.br\/es\/wp-json\/wp\/v2\/media?parent=1841"}],"curies":[{"name":"wp","href":"https:\/\/api.w.org\/{rel}","templated":true}]}}